{"id":2726,"date":"2014-01-13T18:13:42","date_gmt":"2014-01-13T20:13:42","guid":{"rendered":"http:\/\/espacosocialista.org\/portal\/?page_id=2726"},"modified":"2018-02-07T02:54:10","modified_gmt":"2018-02-07T04:54:10","slug":"boletim-fora-do-ar","status":"publish","type":"page","link":"https:\/\/www.espacosocialista.org\/portal\/historico\/boletim-fora-do-ar\/","title":{"rendered":"Boletim Fora do Ar"},"content":{"rendered":"<p><a href=\"http:\/\/espacosocialista.org\/portal\/historico\/boletim-fora-do-ar\/logo6\/\" rel=\"attachment wp-att-2727\"><img decoding=\"async\" loading=\"lazy\" class=\"alignnone wp-image-2727\" src=\"http:\/\/espacosocialista.org\/portal\/wp-content\/uploads\/2014\/01\/Logo6.png\" alt=\"Logo6\" width=\"354\" height=\"309\" srcset=\"https:\/\/www.espacosocialista.org\/portal\/wp-content\/uploads\/2014\/01\/Logo6.png 443w, https:\/\/www.espacosocialista.org\/portal\/wp-content\/uploads\/2014\/01\/Logo6-300x261.png 300w\" sizes=\"(max-width: 354px) 100vw, 354px\" \/><\/a><\/p>\n<p>&nbsp;<\/p>\n<h2><strong>Edi\u00e7\u00e3o n\u00ba5:<\/strong><\/h2>\n<ul>\n<li><a href=\"http:\/\/espacosocialista.org\/portal\/?p=3237\">O\u00a0que \u00e9 uma pris\u00e3o pol\u00edtica?<\/a><\/li>\n<\/ul>\n<p>Agosto de 2014<\/p>\n<figure id=\"attachment_3234\" aria-describedby=\"caption-attachment-3234\" style=\"width: 180px\" class=\"wp-caption alignnone\"><a href=\"http:\/\/espacosocialista.org\/portal\/wp-content\/uploads\/2014\/01\/Fora-do-Ar_n5.pdf\" rel=\"attachment wp-att-3234\"><img decoding=\"async\" loading=\"lazy\" class=\" wp-image-3234\" src=\"http:\/\/espacosocialista.org\/portal\/wp-content\/uploads\/2014\/01\/criminalization_by_latuff2.jpg\" alt=\"criminalization_by_latuff2\" width=\"180\" height=\"285\" srcset=\"https:\/\/www.espacosocialista.org\/portal\/wp-content\/uploads\/2014\/01\/criminalization_by_latuff2.jpg 300w, https:\/\/www.espacosocialista.org\/portal\/wp-content\/uploads\/2014\/01\/criminalization_by_latuff2-189x300.jpg 189w\" sizes=\"(max-width: 180px) 100vw, 180px\" \/><\/a><figcaption id=\"caption-attachment-3234\" class=\"wp-caption-text\">Vers\u00e3o em PDF<\/figcaption><\/figure>\n<p>&nbsp;<\/p>\n<h2><strong>Edi\u00e7\u00e3o n\u00ba4:<\/strong><\/h2>\n<ul>\n<li><a href=\"http:\/\/espacosocialista.org\/portal\/?p=3126\">Greve dos metrovi\u00e1rios, o que eu tenho a ver com isso?<\/a><\/li>\n<li><a href=\"http:\/\/espacosocialista.org\/portal\/?p=3121 \">A FIFA alugou o Brasil!<\/a><\/li>\n<\/ul>\n<p>Junho &#8211; Julho de 2014<\/p>\n<figure id=\"attachment_3118\" aria-describedby=\"caption-attachment-3118\" style=\"width: 267px\" class=\"wp-caption alignnone\"><a href=\"http:\/\/espacosocialista.org\/portal\/?attachment_id=3119\" rel=\"attachment wp-att-3118\"><img decoding=\"async\" loading=\"lazy\" class=\"size-full wp-image-3118\" src=\"http:\/\/espacosocialista.org\/portal\/wp-content\/uploads\/2014\/01\/download1.jpg\" alt=\"download\" width=\"267\" height=\"189\" \/><\/a><figcaption id=\"caption-attachment-3118\" class=\"wp-caption-text\">Vers\u00e3o em PDF<\/figcaption><\/figure>\n<p>&nbsp;<\/p>\n<p>Nestes tempos de Copa do Mundo, as pessoas ficam divididas entre as cr\u00edticas e os elogios ao evento, entre aquela vontade de torcer e aquela de gritar contra a corrup\u00e7\u00e3o que apareceu por conta da Copa. Uma coisa que ficou bem clara, por\u00e9m, \u00e9 que a copa do mundo n\u00e3o \u00e9 minha, nem sua, nem nossa, nem de nenhum brasileiro, mas da tal da FIFA. E afinal o que \u00e9 essa FIFA? \u00a0leia mais aqui<\/p>\n<p>&nbsp;<\/p>\n<h2><strong>Edi\u00e7\u00e3o n\u00ba2:<\/strong><\/h2>\n<ul>\n<li><a href=\"http:\/\/espacosocialista.org\/portal\/?p=3126\">Q<\/a>uem precisa de pol\u00edcia?<\/li>\n<li><a href=\"http:\/\/espacosocialista.org\/portal\/?p=3121 \">E<\/a>ncoxadas, combina\u00e7\u00e3o de machismo e transporte superlotado.<\/li>\n<\/ul>\n<p>Abril de 2014<\/p>\n<figure id=\"attachment_3141\" aria-describedby=\"caption-attachment-3141\" style=\"width: 258px\" class=\"wp-caption alignnone\"><a href=\"http:\/\/espacosocialista.org\/portal\/wp-content\/uploads\/2014\/01\/Fora-do-Ar_n21.pdf\" rel=\"attachment wp-att-3141\"><img decoding=\"async\" loading=\"lazy\" class=\" wp-image-3141\" src=\"http:\/\/espacosocialista.org\/portal\/wp-content\/uploads\/2014\/01\/n2_miniatura1.png\" alt=\"n2_miniatura\" width=\"258\" height=\"183\" srcset=\"https:\/\/www.espacosocialista.org\/portal\/wp-content\/uploads\/2014\/01\/n2_miniatura1.png 358w, https:\/\/www.espacosocialista.org\/portal\/wp-content\/uploads\/2014\/01\/n2_miniatura1-300x212.png 300w\" sizes=\"(max-width: 258px) 100vw, 258px\" \/><\/a><figcaption id=\"caption-attachment-3141\" class=\"wp-caption-text\">Vers\u00e3o em PDF<\/figcaption><\/figure>\n<p>&nbsp;<\/p>\n<p>&nbsp;<\/p>\n<p>&nbsp;<\/p>\n<h2><strong>Edi\u00e7\u00e3o n\u00ba1:<\/strong><\/h2>\n<ul>\n<li>Black Blocs, por que n\u00e3o?<\/li>\n<li>Presos pol\u00edticos ou pol\u00edticos presos?<\/li>\n<\/ul>\n<p>Mar\u00e7o de 2014<\/p>\n<figure style=\"width: 250px\" class=\"wp-caption alignnone\"><a href=\"http:\/\/espacosocialista.org\/portal\/wp-content\/uploads\/2014\/03\/Fora-do-Ar_n1.pdf\" rel=\"attachment wp-att-2884\"><img decoding=\"async\" loading=\"lazy\" src=\"http:\/\/espacosocialista.org\/portal\/wp-content\/uploads\/2014\/03\/n1_miniatura.jpg\" alt=\"n1_miniatura\" width=\"250\" height=\"176\" \/><\/a><figcaption class=\"wp-caption-text\">Vers\u00e3o em PDF<\/figcaption><\/figure>\n<p>&nbsp;<\/p>\n<p>Quando o Brasil foi confirmado para receber a Copa do Mundo de 2014, o plano do PT era usar a Copa para fazer propaganda do pa\u00eds e da sua administra\u00e7\u00e3o, para mostrar ao mundo que o Brasil est\u00e1 no \u201crumo certo\u201d. Para que o plano d\u00ea certo para o governo, a Copa tem que ser um sucesso, o povo brasileiro tem que ficar contente com isso, esquecer momentaneamente os problemas e reeleger Dilma em 2014. Todo o esfor\u00e7o do governo e dos poderosos, atrav\u00e9s das suas televis\u00f5es, jornais, propagandas, tem se concentrado em fazer as pessoas engolirem essa vers\u00e3o, como se a Copa fosse simplesmente uma grande festa. Esse era o plano. Mas como dizia o saudoso Man\u00e9 Garrincha, \u201cfaltou combinar com o advers\u00e1rio!\u201d O advers\u00e1rio no caso somos n\u00f3s, os trabalhadores, em especial os jovens, que n\u00e3o se contentaram com essa mentira. No pa\u00eds do futebol, a popula\u00e7\u00e3o come\u00e7ou a pedir transporte p\u00fablico de qualidade, educa\u00e7\u00e3o, sa\u00fade, moradia, fim da corrup\u00e7\u00e3o&#8230; <a href=\"http:\/\/espacosocialista.org\/portal\/?p=2879\">leia mais aqui<\/a><\/p>\n<p>&nbsp;<\/p>\n<p>&nbsp;<\/p>\n<h2><strong>Edi\u00e7\u00e3o n\u00ba0:<\/strong><\/h2>\n<p>&nbsp;<\/p>\n<ul>\n<li>Black Bloc, por que n\u00e3o?<\/li>\n<li>Presos pol\u00edticos ou pol\u00edticos presos?<\/li>\n<\/ul>\n<p>&nbsp;<\/p>\n<p>Janeiro de 2014<\/p>\n<div>\n<dl id=\"attachment_2730\">\n<dt><a title=\"Vers\u00e3o em PDF\" href=\"http:\/\/espacosocialista.org\/portal\/wp-content\/uploads\/2014\/01\/Fora-do-Ar_n0.pdf\"><img decoding=\"async\" loading=\"lazy\" title=\"Vers\u00e3o em PDF\" src=\"http:\/\/espacosocialista.org\/portal\/wp-content\/uploads\/2014\/01\/download.jpg\" alt=\"download\" width=\"259\" height=\"194\" \/><\/a><\/dt>\n<dd>Vers\u00e3o em PDF<\/dd>\n<\/dl>\n<\/div>\n<p>&nbsp;<\/p>\n<p>Sempre houve manifesta\u00e7\u00f5es no Brasil, mas elas eram muito pequenas, e era f\u00e1cil para os donos do poder lidar com elas: bastava colocar a pol\u00edcia para bater, disparar balas de borracha e g\u00e1s lacrimog\u00eaneo e nem passar na TV. A partir de junho desse ano a viol\u00eancia da pol\u00edcia contra os manifestantes deixou de funcionar. O aumento da passagem era pra ser mais um abuso dos poderosos, que j\u00e1 s\u00e3o respons\u00e1veis por n\u00e3o termos escola, sa\u00fade e moradia de qualidade e para todos. E ainda por cima, desviam dinheiro para obras da Copa e corrup\u00e7\u00e3o. Por isso, quando a pol\u00edcia bateu em manifestantes e jornalistas, como sempre fez, mas ningu\u00e9m ficava sabendo, a maioria da popula\u00e7\u00e3o percebeu que os manifestantes tinham raz\u00e3o e ficou do seu lado. Desde junho temos manifesta\u00e7\u00f5es todos os dias no pa\u00eds&#8230;\u00a0<a href=\"http:\/\/espacosocialista.org\/portal\/?p=2728\">leia mais aqui<\/a><\/p>\n","protected":false},"excerpt":{"rendered":"<p>&nbsp; Edi\u00e7\u00e3o n\u00ba5: O\u00a0que \u00e9 uma pris\u00e3o pol\u00edtica? Agosto de 2014 &nbsp; Edi\u00e7\u00e3o n\u00ba4: Greve dos metrovi\u00e1rios, o que eu<\/p>\n","protected":false},"author":3,"featured_media":2727,"parent":5466,"menu_order":0,"comment_status":"closed","ping_status":"closed","template":"","meta":{"footnotes":""},"_links":{"self":[{"href":"https:\/\/www.espacosocialista.org\/portal\/wp-json\/wp\/v2\/pages\/2726"}],"collection":[{"href":"https:\/\/www.espacosocialista.org\/portal\/wp-json\/wp\/v2\/pages"}],"about":[{"href":"https:\/\/www.espacosocialista.org\/portal\/wp-json\/wp\/v2\/types\/page"}],"author":[{"embeddable":true,"href":"https:\/\/www.espacosocialista.org\/portal\/wp-json\/wp\/v2\/users\/3"}],"replies":[{"embeddable":true,"href":"https:\/\/www.espacosocialista.org\/portal\/wp-json\/wp\/v2\/comments?post=2726"}],"version-history":[{"count":15,"href":"https:\/\/www.espacosocialista.org\/portal\/wp-json\/wp\/v2\/pages\/2726\/revisions"}],"predecessor-version":[{"id":5470,"href":"https:\/\/www.espacosocialista.org\/portal\/wp-json\/wp\/v2\/pages\/2726\/revisions\/5470"}],"up":[{"embeddable":true,"href":"https:\/\/www.espacosocialista.org\/portal\/wp-json\/wp\/v2\/pages\/5466"}],"wp:featuredmedia":[{"embeddable":true,"href":"https:\/\/www.espacosocialista.org\/portal\/wp-json\/wp\/v2\/media\/2727"}],"wp:attachment":[{"href":"https:\/\/www.espacosocialista.org\/portal\/wp-json\/wp\/v2\/media?parent=2726"}],"curies":[{"name":"wp","href":"https:\/\/api.w.org\/{rel}","templated":true}]}}