{"id":818,"date":"2013-01-19T18:50:00","date_gmt":"2013-01-19T20:50:00","guid":{"rendered":"http:\/\/espacosocialista.org\/portal\/?page_id=818"},"modified":"2018-02-07T03:07:44","modified_gmt":"2018-02-07T05:07:44","slug":"formacao-teorica","status":"publish","type":"page","link":"https:\/\/www.espacosocialista.org\/portal\/formacao-teorica\/","title":{"rendered":"Forma\u00e7\u00e3o Te\u00f3rica"},"content":{"rendered":"<p>Abaixo disponibilizamos alguns textos de forma\u00e7\u00e3o te\u00f3rica.<\/p>\n<hr \/>\n<h2>Alex Callinicos<\/h2>\n<table width=\"100%\">\n<tbody>\n<tr>\n<td><strong>Texto<\/strong><\/td>\n<td width=\"10%\"><strong>Formato<\/strong><\/td>\n<td width=\"10%\"><strong>Tamanho<\/strong><\/td>\n<\/tr>\n<tr>\n<td><a href=\"http:\/\/www.espacosocialista.org\/sites\/default\/files\/introducao_ao_capital_de_Karl_Marx-Alex_Callinicos.pdf\"> Introdu\u00e7\u00e3o ao Capital de Karl Marx<\/a><\/td>\n<td>PDF<\/td>\n<td>157.76<\/td>\n<\/tr>\n<\/tbody>\n<\/table>\n<hr \/>\n<h2>Gentil Corazza<\/h2>\n<table width=\"100%\">\n<tbody>\n<tr>\n<td><strong>Texto<\/strong><\/td>\n<td width=\"10%\"><strong>Formato<\/strong><\/td>\n<td width=\"10%\"><strong>Tamanho<\/strong><\/td>\n<\/tr>\n<tr>\n<td><a href=\"http:\/\/www.espacosocialista.org\/sites\/default\/files\/o_logico_e_o_historico-Gentil_Corazza.pdf\"> O l\u00f3gico e o hist\u00f3rico<\/a><\/td>\n<td>PDF<\/td>\n<td>13.66<\/td>\n<\/tr>\n<\/tbody>\n<\/table>\n<hr \/>\n<h2>Friederich Engels<\/h2>\n<table width=\"100%\">\n<tbody>\n<tr>\n<td><strong>Texto<\/strong><\/td>\n<td width=\"10%\"><strong>Formato<\/strong><\/td>\n<td width=\"10%\"><strong>Tamanho<\/strong><\/td>\n<\/tr>\n<tr>\n<td><a href=\"http:\/\/www.espacosocialista.org\/sites\/default\/files\/dialetica-Friederich_Engels-capitulo_do_livro_Do_socialisto_utopico_ao_socialismo_cientifico.pdf\"> Dial\u00e9tica (cap\u00edtulo do livro &#8220;Do socialismo ut\u00f3pico ao socialismo cient\u00edfico&#8221;)<\/a><\/td>\n<td>PDF<\/td>\n<td>44.51 KB<\/td>\n<\/tr>\n<\/tbody>\n<\/table>\n<hr \/>\n<h2>Leandro Konder<\/h2>\n<table width=\"100%\">\n<tbody>\n<tr>\n<td><strong>Texto<\/strong><\/td>\n<td width=\"10%\"><strong>Formato<\/strong><\/td>\n<td width=\"10%\"><strong>Tamanho<\/strong><\/td>\n<\/tr>\n<tr>\n<td><a href=\"http:\/\/www.espacosocialista.org\/sites\/default\/files\/o_que_e_dialetica-Leandro_Konder.pdf\"> O que \u00e9 dial\u00e9tica (cole\u00e7\u00e3o Primeiros Passos)<\/a><\/td>\n<td>PDF<\/td>\n<td>206.44<\/td>\n<\/tr>\n<\/tbody>\n<\/table>\n<hr \/>\n<h2>Istv\u00e1n M\u00e9sz\u00e1ros<\/h2>\n<p>Cap\u00edtulos do livro <em>Para Al\u00e9m do Capital<\/em>:<\/p>\n<table width=\"100%\">\n<tbody>\n<tr>\n<td><strong>Texto<\/strong><\/td>\n<td width=\"10%\"><strong>Formato<\/strong><\/td>\n<td width=\"10%\"><strong>Tamanho<\/strong><\/td>\n<\/tr>\n<tr>\n<td><a href=\"http:\/\/www.espacosocialista.org\/sites\/default\/files\/Cap%C3%ADtulo%2002%20-%20A%20Ordem%20da%20Reprodu%C3%A7%C3%A3o%20Sociometab%C3%B3lica%20do%20Capital%5B1%5D.rtf\"> Cap\u00edtulo 02 &#8211; A Ordem da Reprodu\u00e7\u00e3o Sociometab\u00f3lica do Capital<\/a><\/td>\n<td>RTF<\/td>\n<td>166.31 KB<\/td>\n<\/tr>\n<tr>\n<td><a href=\"http:\/\/www.espacosocialista.org\/sites\/default\/files\/Cap%C3%ADtulo%2004%20-%20Causalidade%20e%20Formas%20de%20Media%C3%A7%C3%A3o%5B1%5D.rtf\">Cap\u00edtulo 04 &#8211; Causalidade e Formas de Media\u00e7\u00e3o[1].rtf<\/a><\/td>\n<td>RTF<\/td>\n<td>171.73 KB<\/td>\n<\/tr>\n<tr>\n<td><a href=\"http:\/\/www.espacosocialista.org\/sites\/default\/files\/Cap%C3%ADtulo%2005%20-%20Ativa%C3%A7%C3%A3o%20dos%20Limites%20Absolutos%20do%20Capital%5B1%5D.rtf\">Cap\u00edtulo 05 &#8211; Ativa\u00e7\u00e3o dos Limites Absolutos do Capital[1].rtf<\/a><\/td>\n<td>RTF<\/td>\n<td>566.47 KB<\/td>\n<\/tr>\n<tr>\n<td><a href=\"http:\/\/www.espacosocialista.org\/sites\/default\/files\/Cap%C3%ADtulo%2017%20-%20Formas%20mutantes%20de%20Controle%20do%20Capital%20%5B1%5D.rtf\">Cap\u00edtulo 17 &#8211; Formas mutantes de Controle do Capital [1].rtf<\/a><\/td>\n<td>RTF<\/td>\n<td>395.36 KB<\/td>\n<\/tr>\n<tr>\n<td><a href=\"http:\/\/www.espacosocialista.org\/sites\/default\/files\/Cap%C3%ADtulo%2018%20-%20Atualidade%20Hist%C3%B3rica%20da%20Ofensiva%20Socialista%5B1%5D.rtf\">Cap\u00edtulo 18 &#8211; Atualidade Hist\u00f3rica da Ofensiva Socialista[1].rtf<\/a><\/td>\n<td>RTF<\/td>\n<td>304.62 KB<\/td>\n<\/tr>\n<tr>\n<td><a href=\"http:\/\/www.espacosocialista.org\/sites\/default\/files\/Cap%C3%ADtulo%2019%20-%20O%20Sistema%20Comunal%20e%20a%20Lei%20do%20Valor%5B1%5D.rtf\">Cap\u00edtulo 19 &#8211; O Sistema Comunal e a Lei do Valor[1].rtf<\/a><\/td>\n<td>RTF<\/td>\n<td>149.84 KB<\/td>\n<\/tr>\n<tr>\n<td><a href=\"http:\/\/www.espacosocialista.org\/sites\/default\/files\/Cap%C3%ADtulo%2022%20-%20Poder%20Pol%C3%ADtico%20e%20Dissid%C3%AAncia%5B1%5D.rtf\">Cap\u00edtulo 22 &#8211; Poder Pol\u00edtico e Dissid\u00eancia[1].rtf<\/a><\/td>\n<td>RTF<\/td>\n<td>83.09 KB<\/td>\n<\/tr>\n<tr>\n<td><a href=\"http:\/\/www.espacosocialista.org\/sites\/default\/files\/Cap%C3%ADtulo%2023%20-%20Divis%C3%A3o%20do%20Trabalho%20e%20Estado%20P%C3%B3s-Capitalista%5B1%5D.rtf\">Cap\u00edtulo 23 &#8211; Divis\u00e3o do Trabalho e Estado P\u00f3s-Capitalista[1].rtf<\/a><\/td>\n<td>RTF<\/td>\n<td>137.98 KB<\/td>\n<\/tr>\n<tr>\n<td><a href=\"http:\/\/www.espacosocialista.org\/sites\/default\/files\/Cap%C3%ADtulo%2024%20-%20Pol%C3%ADtica%20Radical%20e%20Transi%C3%A7%C3%A3o%20Para%20o%20Socialismo%5B1%5D.rtf\">Cap\u00edtulo 24 &#8211; Pol\u00edtica Radical e Transi\u00e7\u00e3o Para o Socialismo[1].rtf<\/a><\/td>\n<td>RTF<\/td>\n<td>62.36 KB<\/td>\n<\/tr>\n<\/tbody>\n<\/table>\n<hr \/>\n<h2>Ernest Mandel<\/h2>\n<table width=\"100%\">\n<tbody>\n<tr>\n<td><strong>Texto<\/strong><\/td>\n<td width=\"10%\"><strong>Formato<\/strong><\/td>\n<td width=\"10%\"><strong>Tamanho<\/strong><\/td>\n<\/tr>\n<tr>\n<td><a href=\"http:\/\/www.espacosocialista.org\/sites\/default\/files\/o_materialismo_dialetico-Ernest_Mandel.pdf\"> O materialismo dial\u00e9tico<\/a><\/td>\n<td>PDF<\/td>\n<td>131.31<\/td>\n<\/tr>\n<\/tbody>\n<\/table>\n<hr \/>\n<h2>Nahuel Moreno<\/h2>\n<table width=\"100%\">\n<tbody>\n<tr>\n<td><strong>Texto<\/strong><\/td>\n<td width=\"10%\"><strong>Formato<\/strong><\/td>\n<td width=\"10%\"><strong>Tamanho<\/strong><\/td>\n<\/tr>\n<tr>\n<td><a href=\"http:\/\/www.espacosocialista.org\/sites\/default\/files\/conceitos_basicos_do_materialismo_historico-Nahuel_Moreno.pdf\"> Conceitos B\u00e1sicos do Materialismo Hist\u00f3rico<\/a><\/td>\n<td>PDF<\/td>\n<td>29.89 KB<\/td>\n<\/tr>\n<\/tbody>\n<\/table>\n<hr \/>\n<h2>George Novack<\/h2>\n<table width=\"100%\">\n<tbody>\n<tr>\n<td><strong>Texto<\/strong><\/td>\n<td width=\"10%\"><strong>Formato<\/strong><\/td>\n<td width=\"10%\"><strong>Tamanho<\/strong><\/td>\n<\/tr>\n<tr>\n<td><a href=\"http:\/\/www.espacosocialista.org\/sites\/default\/files\/Introducaoao_a_logica_marxista.pdf\">Introdu\u00e7\u00e3o \u00e0 L\u00f3gica Marxista<\/a><\/td>\n<td>PDF<\/td>\n<td>536.03<\/td>\n<\/tr>\n<\/tbody>\n<\/table>\n<p>&nbsp;<\/p>\n<h2>Karl Marx<\/h2>\n<table width=\"100%\">\n<tbody>\n<tr>\n<td><strong>Texto<\/strong><\/td>\n<td width=\"10%\"><strong>Formato<\/strong><\/td>\n<td width=\"10%\"><strong>Tamanho<\/strong><\/td>\n<\/tr>\n<tr>\n<td><a href=\"http:\/\/www.marxists.org\/portugues\/marx\/1844\/manuscritos\/index.htm\">Manuscritos Economico-Filos\u00f3ficos<\/a><\/td>\n<td>Url<\/td>\n<td>&#8211;<\/td>\n<\/tr>\n<\/tbody>\n<\/table>\n<p>&nbsp;<\/p>\n<h2>Lenin<\/h2>\n<table width=\"100%\">\n<tbody>\n<tr>\n<td><strong>Texto<\/strong><\/td>\n<td width=\"10%\"><strong>Formato<\/strong><\/td>\n<td width=\"10%\"><strong>Tamanho<\/strong><\/td>\n<\/tr>\n<tr>\n<td><a href=\"http:\/\/www.espacosocialista.org\/sites\/default\/files\/estado-e-revolucao.pdf\">O\u00a0Estado e a Revolu\u00e7\u00e3o<\/a><\/td>\n<td>Pdf<\/td>\n<td>329.3 KB<\/td>\n<\/tr>\n<\/tbody>\n<\/table>\n<p>&nbsp;<\/p>\n","protected":false},"excerpt":{"rendered":"<p>Abaixo disponibilizamos alguns textos de forma\u00e7\u00e3o te\u00f3rica. Alex Callinicos Texto Formato Tamanho Introdu\u00e7\u00e3o ao Capital de Karl Marx PDF 157.76<\/p>\n","protected":false},"author":3,"featured_media":0,"parent":0,"menu_order":0,"comment_status":"closed","ping_status":"closed","template":"","meta":{"footnotes":""},"_links":{"self":[{"href":"https:\/\/www.espacosocialista.org\/portal\/wp-json\/wp\/v2\/pages\/818"}],"collection":[{"href":"https:\/\/www.espacosocialista.org\/portal\/wp-json\/wp\/v2\/pages"}],"about":[{"href":"https:\/\/www.espacosocialista.org\/portal\/wp-json\/wp\/v2\/types\/page"}],"author":[{"embeddable":true,"href":"https:\/\/www.espacosocialista.org\/portal\/wp-json\/wp\/v2\/users\/3"}],"replies":[{"embeddable":true,"href":"https:\/\/www.espacosocialista.org\/portal\/wp-json\/wp\/v2\/comments?post=818"}],"version-history":[{"count":6,"href":"https:\/\/www.espacosocialista.org\/portal\/wp-json\/wp\/v2\/pages\/818\/revisions"}],"predecessor-version":[{"id":5473,"href":"https:\/\/www.espacosocialista.org\/portal\/wp-json\/wp\/v2\/pages\/818\/revisions\/5473"}],"wp:attachment":[{"href":"https:\/\/www.espacosocialista.org\/portal\/wp-json\/wp\/v2\/media?parent=818"}],"curies":[{"name":"wp","href":"https:\/\/api.w.org\/{rel}","templated":true}]}}