{"id":911,"date":"2013-01-19T19:40:41","date_gmt":"2013-01-19T21:40:41","guid":{"rendered":"http:\/\/espacosocialista.org\/portal\/?page_id=911"},"modified":"2018-05-05T18:30:38","modified_gmt":"2018-05-05T21:30:38","slug":"revista-primavera-vermelha","status":"publish","type":"page","link":"https:\/\/www.espacosocialista.org\/portal\/formacao-teorica\/revista-primavera-vermelha\/","title":{"rendered":"Revista Primavera Vermelha"},"content":{"rendered":"<h2>Apresenta\u00e7\u00e3o<\/h2>\n<p><a href=\"http:\/\/espacosocialista.org\/portal\/2012\/09\/revista-primavera-vermelha-apresentacao\/\" rel=\"noopener\">Apresenta\u00e7\u00e3o do Projeto da Revista Primavera Vermelha<\/a><\/p>\n<p>&nbsp;<\/p>\n<h2>Edi\u00e7\u00f5es dispon\u00edveis:<\/h2>\n<table width=\"100%\">\n<tbody>\n<tr>\n<td><strong>Texto<\/strong><\/td>\n<td width=\"10%\"><strong>Formato<\/strong><\/td>\n<td width=\"10%\"><strong>Tamanho<\/strong><\/td>\n<\/tr>\n<tr>\n<td><a href=\"http:\/\/espacosocialista.org\/portal\/wp-content\/uploads\/2013\/01\/Revista-Primavera-Vermelha-Edi\u00e7\u00e3o-3-Para-uma-Cr\u00edtica-do-Projeto-Educacional-do-Capital.pdf\" target=\"_blank\" rel=\"noopener\">Revista Primavera Vermelha &#8211; <strong>Edi\u00e7\u00e3o 3<\/strong> &#8211; Dezembro de 2014 &#8211; <strong>Para uma Cr\u00edtica do Projeto Educacional do Capital<\/strong><\/a><\/td>\n<td style=\"text-align: center;\">pdf<\/td>\n<td style=\"text-align: center;\">13,6 MB<\/td>\n<\/tr>\n<\/tbody>\n<\/table>\n<table width=\"100%\">\n<tbody>\n<tr>\n<td><strong>Texto<\/strong><\/td>\n<td width=\"10%\"><strong>Formato<\/strong><\/td>\n<td width=\"10%\"><strong>Tamanho<\/strong><\/td>\n<\/tr>\n<tr>\n<td><a href=\"http:\/\/www.espacosocialista.org\/sites\/default\/files\/Revista%20PRIMAVERA%20VERMELHA%20N%C2%BA2_0.pdf\" target=\"_blank\" rel=\"noopener\">Revista Primavera Vermelha &#8211; <strong>Edi\u00e7\u00e3o 2<\/strong> &#8211; Julho de 2011 &#8211; <strong>A natureza das revolu\u00e7\u00f5es e os desafios da luta socialista<\/strong><\/a><\/td>\n<td style=\"text-align: center;\">pdf<\/td>\n<td style=\"text-align: center;\">10,4 MB<\/td>\n<\/tr>\n<\/tbody>\n<\/table>\n<table width=\"100%\">\n<tbody>\n<tr>\n<td><strong>Texto<\/strong><\/td>\n<td width=\"10%\"><strong>Formato<\/strong><\/td>\n<td width=\"10%\"><strong>Tamanho<\/strong><\/td>\n<\/tr>\n<tr>\n<td><a href=\"http:\/\/www.espacosocialista.org\/sites\/default\/files\/REVISTA1.pdf\" target=\"_blank\" rel=\"noopener\">Revista Primavera Vermelha &#8211; <strong>Edi\u00e7\u00e3o 1<\/strong> &#8211; Outubro de 2008 &#8211; <strong>Os ideais e os desafios de 68 continuam vivos<\/strong><\/a><\/td>\n<td style=\"text-align: center;\">pdf<\/td>\n<td style=\"text-align: center;\">1,86 MB<\/td>\n<\/tr>\n<\/tbody>\n<\/table>\n<table width=\"100%\">\n<tbody>\n<tr>\n<td><strong>Texto<\/strong><\/td>\n<td width=\"10%\"><strong>Formato<\/strong><\/td>\n<td width=\"10%\"><strong>Tamanho<\/strong><\/td>\n<\/tr>\n<tr>\n<td><a href=\"http:\/\/www.espacosocialista.org\/sites\/default\/files\/REVISTA0.pdf\" target=\"_blank\" rel=\"noopener\">Revista Primavera Vermelha &#8211; <strong>Edi\u00e7\u00e3o 0<\/strong> &#8211; Setembro de 2007 &#8211; <strong>90 anos da Revolu\u00e7\u00e3o Russa: outros Outubros vir\u00e3o&#8230;<\/strong><\/a><\/td>\n<td style=\"text-align: center;\">pdf<\/td>\n<td style=\"text-align: center;\">1,23 MB<\/td>\n<\/tr>\n<\/tbody>\n<\/table>\n<p>&nbsp;<\/p>\n","protected":false},"excerpt":{"rendered":"<p>Apresenta\u00e7\u00e3o Apresenta\u00e7\u00e3o do Projeto da Revista Primavera Vermelha &nbsp; Edi\u00e7\u00f5es dispon\u00edveis: Texto Formato Tamanho Revista Primavera Vermelha &#8211; Edi\u00e7\u00e3o 3<\/p>\n","protected":false},"author":3,"featured_media":0,"parent":818,"menu_order":0,"comment_status":"closed","ping_status":"closed","template":"","meta":{"footnotes":""},"_links":{"self":[{"href":"https:\/\/www.espacosocialista.org\/portal\/wp-json\/wp\/v2\/pages\/911"}],"collection":[{"href":"https:\/\/www.espacosocialista.org\/portal\/wp-json\/wp\/v2\/pages"}],"about":[{"href":"https:\/\/www.espacosocialista.org\/portal\/wp-json\/wp\/v2\/types\/page"}],"author":[{"embeddable":true,"href":"https:\/\/www.espacosocialista.org\/portal\/wp-json\/wp\/v2\/users\/3"}],"replies":[{"embeddable":true,"href":"https:\/\/www.espacosocialista.org\/portal\/wp-json\/wp\/v2\/comments?post=911"}],"version-history":[{"count":13,"href":"https:\/\/www.espacosocialista.org\/portal\/wp-json\/wp\/v2\/pages\/911\/revisions"}],"predecessor-version":[{"id":6284,"href":"https:\/\/www.espacosocialista.org\/portal\/wp-json\/wp\/v2\/pages\/911\/revisions\/6284"}],"up":[{"embeddable":true,"href":"https:\/\/www.espacosocialista.org\/portal\/wp-json\/wp\/v2\/pages\/818"}],"wp:attachment":[{"href":"https:\/\/www.espacosocialista.org\/portal\/wp-json\/wp\/v2\/media?parent=911"}],"curies":[{"name":"wp","href":"https:\/\/api.w.org\/{rel}","templated":true}]}}